{"id":1379,"date":"2026-04-09T14:14:44","date_gmt":"2026-04-09T14:14:44","guid":{"rendered":"https:\/\/faisalgypsumwork.com\/ramza\/?post_type=product&#038;p=1379"},"modified":"2026-04-09T14:14:53","modified_gmt":"2026-04-09T14:14:53","slug":"shan-biryani-masala-50-g","status":"publish","type":"product","link":"https:\/\/faisalgypsumwork.com\/ramza\/product\/shan-biryani-masala-50-g\/","title":{"rendered":"Shan Biryani Masala 50 g"},"content":{"rendered":"<p>M\u00e9lange d&#8217;assaisonnement, Si vous cherchez \u00e0 faire du Biryani, Shan Biryani Masala peut le rendre beaucoup plus facile \u00e0 pr\u00e9parer. Ce produit est id\u00e9al pour les personnes qui cuisinent rarement des currys ou qui cherchent \u00e0 l&#8217;essayer pour la premi\u00e8re fois.<\/p>\n","protected":false},"excerpt":{"rendered":"<p>Si vous cherchez \u00e0 faire du Biryani, Shan Biryani Masala peut le rendre beaucoup plus facile \u00e0 pr\u00e9parer. Ce produit est id\u00e9al pour les personnes qui cuisinent rarement des currys ou qui cherchent \u00e0 l&#8217;essayer pour la premi\u00e8re fois.<\/p>\n","protected":false},"featured_media":1413,"comment_status":"closed","ping_status":"closed","template":"","meta":[],"product_brand":[],"product_cat":[87],"product_tag":[],"class_list":{"0":"post-1379","1":"product","2":"type-product","3":"status-publish","4":"has-post-thumbnail","6":"product_cat-non-classe","8":"first","9":"instock","10":"shipping-taxable","11":"purchasable","12":"product-type-simple"},"_links":{"self":[{"href":"https:\/\/faisalgypsumwork.com\/ramza\/wp-json\/wp\/v2\/product\/1379","targetHints":{"allow":["GET"]}}],"collection":[{"href":"https:\/\/faisalgypsumwork.com\/ramza\/wp-json\/wp\/v2\/product"}],"about":[{"href":"https:\/\/faisalgypsumwork.com\/ramza\/wp-json\/wp\/v2\/types\/product"}],"replies":[{"embeddable":true,"href":"https:\/\/faisalgypsumwork.com\/ramza\/wp-json\/wp\/v2\/comments?post=1379"}],"version-history":[{"count":1,"href":"https:\/\/faisalgypsumwork.com\/ramza\/wp-json\/wp\/v2\/product\/1379\/revisions"}],"predecessor-version":[{"id":1414,"href":"https:\/\/faisalgypsumwork.com\/ramza\/wp-json\/wp\/v2\/product\/1379\/revisions\/1414"}],"wp:featuredmedia":[{"embeddable":true,"href":"https:\/\/faisalgypsumwork.com\/ramza\/wp-json\/wp\/v2\/media\/1413"}],"wp:attachment":[{"href":"https:\/\/faisalgypsumwork.com\/ramza\/wp-json\/wp\/v2\/media?parent=1379"}],"wp:term":[{"taxonomy":"product_brand","embeddable":true,"href":"https:\/\/faisalgypsumwork.com\/ramza\/wp-json\/wp\/v2\/product_brand?post=1379"},{"taxonomy":"product_cat","embeddable":true,"href":"https:\/\/faisalgypsumwork.com\/ramza\/wp-json\/wp\/v2\/product_cat?post=1379"},{"taxonomy":"product_tag","embeddable":true,"href":"https:\/\/faisalgypsumwork.com\/ramza\/wp-json\/wp\/v2\/product_tag?post=1379"}],"curies":[{"name":"wp","href":"https:\/\/api.w.org\/{rel}","templated":true}]}}