{"id":1381,"date":"2026-04-09T14:14:44","date_gmt":"2026-04-09T14:14:44","guid":{"rendered":"https:\/\/faisalgypsumwork.com\/ramza\/?post_type=product&#038;p=1381"},"modified":"2026-04-09T14:14:58","modified_gmt":"2026-04-09T14:14:58","slug":"shan-punjabi-yakhni-pilau-50-g","status":"publish","type":"product","link":"https:\/\/faisalgypsumwork.com\/ramza\/product\/shan-punjabi-yakhni-pilau-50-g\/","title":{"rendered":"Shan Punjabi Yakhni Pilau 50 g"},"content":{"rendered":"<p>M\u00e9lange d&#8217;assaisonnement, pilaf de viande et condiments fa\u00e7onn\u00e9 \u00e0 l&#8217;indienne .<br \/>\nShan Yakhni Pilau, est un plat de riz pr\u00e9par\u00e9 en cuisant du riz et de la viande en m\u00eame temps dans du bouillon, jusqu&#8217;\u00e0 ce que tout le bouillon s&#8217;\u00e9vapore dans le riz. Cela produit un ar\u00f4me et une saveur merveilleusement riches.<\/p>\n","protected":false},"excerpt":{"rendered":"<p>M\u00e9lange d&#8217;assaisonnement, pilaf de viande et condiments fa\u00e7onn\u00e9 \u00e0 l&#8217;indienne . Shan Yakhni Pilau, est un plat de riz pr\u00e9par\u00e9<\/p>\n","protected":false},"featured_media":1419,"comment_status":"closed","ping_status":"closed","template":"","meta":[],"product_brand":[],"product_cat":[87],"product_tag":[],"class_list":{"0":"post-1381","1":"product","2":"type-product","3":"status-publish","4":"has-post-thumbnail","6":"product_cat-non-classe","8":"first","9":"instock","10":"shipping-taxable","11":"purchasable","12":"product-type-simple"},"_links":{"self":[{"href":"https:\/\/faisalgypsumwork.com\/ramza\/wp-json\/wp\/v2\/product\/1381","targetHints":{"allow":["GET"]}}],"collection":[{"href":"https:\/\/faisalgypsumwork.com\/ramza\/wp-json\/wp\/v2\/product"}],"about":[{"href":"https:\/\/faisalgypsumwork.com\/ramza\/wp-json\/wp\/v2\/types\/product"}],"replies":[{"embeddable":true,"href":"https:\/\/faisalgypsumwork.com\/ramza\/wp-json\/wp\/v2\/comments?post=1381"}],"version-history":[{"count":1,"href":"https:\/\/faisalgypsumwork.com\/ramza\/wp-json\/wp\/v2\/product\/1381\/revisions"}],"predecessor-version":[{"id":1420,"href":"https:\/\/faisalgypsumwork.com\/ramza\/wp-json\/wp\/v2\/product\/1381\/revisions\/1420"}],"wp:featuredmedia":[{"embeddable":true,"href":"https:\/\/faisalgypsumwork.com\/ramza\/wp-json\/wp\/v2\/media\/1419"}],"wp:attachment":[{"href":"https:\/\/faisalgypsumwork.com\/ramza\/wp-json\/wp\/v2\/media?parent=1381"}],"wp:term":[{"taxonomy":"product_brand","embeddable":true,"href":"https:\/\/faisalgypsumwork.com\/ramza\/wp-json\/wp\/v2\/product_brand?post=1381"},{"taxonomy":"product_cat","embeddable":true,"href":"https:\/\/faisalgypsumwork.com\/ramza\/wp-json\/wp\/v2\/product_cat?post=1381"},{"taxonomy":"product_tag","embeddable":true,"href":"https:\/\/faisalgypsumwork.com\/ramza\/wp-json\/wp\/v2\/product_tag?post=1381"}],"curies":[{"name":"wp","href":"https:\/\/api.w.org\/{rel}","templated":true}]}}