{"id":1382,"date":"2026-04-09T14:14:44","date_gmt":"2026-04-09T14:14:44","guid":{"rendered":"https:\/\/faisalgypsumwork.com\/ramza\/?post_type=product&#038;p=1382"},"modified":"2026-04-09T14:15:00","modified_gmt":"2026-04-09T14:15:00","slug":"shan-memoni-mutton-biryani-60-g","status":"publish","type":"product","link":"https:\/\/faisalgypsumwork.com\/ramza\/product\/shan-memoni-mutton-biryani-60-g\/","title":{"rendered":"Shan Memoni Mutton Biryani 60 g"},"content":{"rendered":"<p>M\u00e9lange d&#8217;assaisonnement, Shan Memoni Mutton Biryani avec son m\u00e9lange classique d&#8217;\u00e9pices riches et aromatiques conf\u00e8re la saveur parfaite au b\u0153uf et vous aide \u00e0 recr\u00e9er la v\u00e9ritable saveur Biryani. <\/p>\n","protected":false},"excerpt":{"rendered":"<p>Shan Memoni Mutton Biryani avec son m\u00e9lange classique d&#8217;\u00e9pices riches et aromatiques conf\u00e8re la saveur parfaite au b\u0153uf et vous aide \u00e0 recr\u00e9er la v\u00e9ritable saveur Biryani. <\/p>\n","protected":false},"featured_media":1422,"comment_status":"closed","ping_status":"closed","template":"","meta":[],"product_brand":[],"product_cat":[87],"product_tag":[],"class_list":{"0":"post-1382","1":"product","2":"type-product","3":"status-publish","4":"has-post-thumbnail","6":"product_cat-non-classe","8":"first","9":"instock","10":"shipping-taxable","11":"purchasable","12":"product-type-simple"},"_links":{"self":[{"href":"https:\/\/faisalgypsumwork.com\/ramza\/wp-json\/wp\/v2\/product\/1382","targetHints":{"allow":["GET"]}}],"collection":[{"href":"https:\/\/faisalgypsumwork.com\/ramza\/wp-json\/wp\/v2\/product"}],"about":[{"href":"https:\/\/faisalgypsumwork.com\/ramza\/wp-json\/wp\/v2\/types\/product"}],"replies":[{"embeddable":true,"href":"https:\/\/faisalgypsumwork.com\/ramza\/wp-json\/wp\/v2\/comments?post=1382"}],"version-history":[{"count":1,"href":"https:\/\/faisalgypsumwork.com\/ramza\/wp-json\/wp\/v2\/product\/1382\/revisions"}],"predecessor-version":[{"id":1423,"href":"https:\/\/faisalgypsumwork.com\/ramza\/wp-json\/wp\/v2\/product\/1382\/revisions\/1423"}],"wp:featuredmedia":[{"embeddable":true,"href":"https:\/\/faisalgypsumwork.com\/ramza\/wp-json\/wp\/v2\/media\/1422"}],"wp:attachment":[{"href":"https:\/\/faisalgypsumwork.com\/ramza\/wp-json\/wp\/v2\/media?parent=1382"}],"wp:term":[{"taxonomy":"product_brand","embeddable":true,"href":"https:\/\/faisalgypsumwork.com\/ramza\/wp-json\/wp\/v2\/product_brand?post=1382"},{"taxonomy":"product_cat","embeddable":true,"href":"https:\/\/faisalgypsumwork.com\/ramza\/wp-json\/wp\/v2\/product_cat?post=1382"},{"taxonomy":"product_tag","embeddable":true,"href":"https:\/\/faisalgypsumwork.com\/ramza\/wp-json\/wp\/v2\/product_tag?post=1382"}],"curies":[{"name":"wp","href":"https:\/\/api.w.org\/{rel}","templated":true}]}}