{"id":1383,"date":"2026-04-09T14:14:44","date_gmt":"2026-04-09T14:14:44","guid":{"rendered":"https:\/\/faisalgypsumwork.com\/ramza\/?post_type=product&#038;p=1383"},"modified":"2026-04-09T14:15:03","modified_gmt":"2026-04-09T14:15:03","slug":"shan-pilau-biryani-masla-50-gram","status":"publish","type":"product","link":"https:\/\/faisalgypsumwork.com\/ramza\/product\/shan-pilau-biryani-masla-50-gram\/","title":{"rendered":"Shan Pilau Biryani Masla 50 Gram"},"content":{"rendered":"<p>Shan Pilau Biryani a un m\u00e9lange parfait d&#8217;\u00e9pices riches et aromatiques qui vous aide \u00e0 pr\u00e9parer la touche parfaite de Biryani et Pilau pour un r\u00e9gal app\u00e9tissant et savoureux.<\/p>\n","protected":false},"excerpt":{"rendered":"<p>Shan Pilau Biryani Mix a un m\u00e9lange parfait d&#8217;\u00e9pices riches et aromatiques qui vous aide \u00e0 pr\u00e9parer la touche parfaite de Biryani et Pilau pour un r\u00e9gal app\u00e9tissant et savoureux.<\/p>\n","protected":false},"featured_media":1425,"comment_status":"closed","ping_status":"closed","template":"","meta":[],"product_brand":[],"product_cat":[87],"product_tag":[],"class_list":{"0":"post-1383","1":"product","2":"type-product","3":"status-publish","4":"has-post-thumbnail","6":"product_cat-non-classe","8":"first","9":"instock","10":"shipping-taxable","11":"purchasable","12":"product-type-simple"},"_links":{"self":[{"href":"https:\/\/faisalgypsumwork.com\/ramza\/wp-json\/wp\/v2\/product\/1383","targetHints":{"allow":["GET"]}}],"collection":[{"href":"https:\/\/faisalgypsumwork.com\/ramza\/wp-json\/wp\/v2\/product"}],"about":[{"href":"https:\/\/faisalgypsumwork.com\/ramza\/wp-json\/wp\/v2\/types\/product"}],"replies":[{"embeddable":true,"href":"https:\/\/faisalgypsumwork.com\/ramza\/wp-json\/wp\/v2\/comments?post=1383"}],"version-history":[{"count":1,"href":"https:\/\/faisalgypsumwork.com\/ramza\/wp-json\/wp\/v2\/product\/1383\/revisions"}],"predecessor-version":[{"id":1426,"href":"https:\/\/faisalgypsumwork.com\/ramza\/wp-json\/wp\/v2\/product\/1383\/revisions\/1426"}],"wp:featuredmedia":[{"embeddable":true,"href":"https:\/\/faisalgypsumwork.com\/ramza\/wp-json\/wp\/v2\/media\/1425"}],"wp:attachment":[{"href":"https:\/\/faisalgypsumwork.com\/ramza\/wp-json\/wp\/v2\/media?parent=1383"}],"wp:term":[{"taxonomy":"product_brand","embeddable":true,"href":"https:\/\/faisalgypsumwork.com\/ramza\/wp-json\/wp\/v2\/product_brand?post=1383"},{"taxonomy":"product_cat","embeddable":true,"href":"https:\/\/faisalgypsumwork.com\/ramza\/wp-json\/wp\/v2\/product_cat?post=1383"},{"taxonomy":"product_tag","embeddable":true,"href":"https:\/\/faisalgypsumwork.com\/ramza\/wp-json\/wp\/v2\/product_tag?post=1383"}],"curies":[{"name":"wp","href":"https:\/\/api.w.org\/{rel}","templated":true}]}}