{"id":1384,"date":"2026-04-09T14:14:44","date_gmt":"2026-04-09T14:14:44","guid":{"rendered":"https:\/\/faisalgypsumwork.com\/ramza\/?post_type=product&#038;p=1384"},"modified":"2026-04-09T14:15:09","modified_gmt":"2026-04-09T14:15:09","slug":"shan-karachi-beef-biryani-60-g","status":"publish","type":"product","link":"https:\/\/faisalgypsumwork.com\/ramza\/product\/shan-karachi-beef-biryani-60-g\/","title":{"rendered":"Shan Karachi Beef Biryani 60 g"},"content":{"rendered":"<p>Cuisiner le biryani de b\u0153uf, sp\u00e9cialit\u00e9 de Karachi n&#8217;a jamais \u00e9t\u00e9 aussi facile. Ce plat est \u00e0 base d&#8217;\u00e9pices, de riz et de viande, de poisson, d&#8217;\u0153ufs ou de l\u00e9gumes . Shan Beef Biryani Masala a toutes les \u00e9pices n\u00e9cessaires pour cuisiner ce somptueux plat de biryani<\/p>\n","protected":false},"excerpt":{"rendered":"<p>Cuisiner le biryani de b\u0153uf, sp\u00e9cialit\u00e9 de Karachi n&#8217;a jamais \u00e9t\u00e9 aussi facile. Ce plat est \u00e0 base d&#8217;\u00e9pices, de riz et de viande, de poisson, d&#8217;\u0153ufs ou de l\u00e9gumes . Shan Beef Biryani Masala a toutes les \u00e9pices n\u00e9cessaires pour cuisiner ce somptueux plat de biryani<\/p>\n","protected":false},"featured_media":1428,"comment_status":"closed","ping_status":"closed","template":"","meta":[],"product_brand":[],"product_cat":[90,89],"product_tag":[],"class_list":{"0":"post-1384","1":"product","2":"type-product","3":"status-publish","4":"has-post-thumbnail","6":"product_cat-box-masala","7":"product_cat-spices-and-masala","9":"first","10":"instock","11":"shipping-taxable","12":"purchasable","13":"product-type-simple"},"_links":{"self":[{"href":"https:\/\/faisalgypsumwork.com\/ramza\/wp-json\/wp\/v2\/product\/1384","targetHints":{"allow":["GET"]}}],"collection":[{"href":"https:\/\/faisalgypsumwork.com\/ramza\/wp-json\/wp\/v2\/product"}],"about":[{"href":"https:\/\/faisalgypsumwork.com\/ramza\/wp-json\/wp\/v2\/types\/product"}],"replies":[{"embeddable":true,"href":"https:\/\/faisalgypsumwork.com\/ramza\/wp-json\/wp\/v2\/comments?post=1384"}],"version-history":[{"count":1,"href":"https:\/\/faisalgypsumwork.com\/ramza\/wp-json\/wp\/v2\/product\/1384\/revisions"}],"predecessor-version":[{"id":1429,"href":"https:\/\/faisalgypsumwork.com\/ramza\/wp-json\/wp\/v2\/product\/1384\/revisions\/1429"}],"wp:featuredmedia":[{"embeddable":true,"href":"https:\/\/faisalgypsumwork.com\/ramza\/wp-json\/wp\/v2\/media\/1428"}],"wp:attachment":[{"href":"https:\/\/faisalgypsumwork.com\/ramza\/wp-json\/wp\/v2\/media?parent=1384"}],"wp:term":[{"taxonomy":"product_brand","embeddable":true,"href":"https:\/\/faisalgypsumwork.com\/ramza\/wp-json\/wp\/v2\/product_brand?post=1384"},{"taxonomy":"product_cat","embeddable":true,"href":"https:\/\/faisalgypsumwork.com\/ramza\/wp-json\/wp\/v2\/product_cat?post=1384"},{"taxonomy":"product_tag","embeddable":true,"href":"https:\/\/faisalgypsumwork.com\/ramza\/wp-json\/wp\/v2\/product_tag?post=1384"}],"curies":[{"name":"wp","href":"https:\/\/api.w.org\/{rel}","templated":true}]}}