{"id":1493,"date":"2026-04-09T14:15:32","date_gmt":"2026-04-09T14:15:32","guid":{"rendered":"https:\/\/faisalgypsumwork.com\/ramza\/?post_type=product&#038;p=1493"},"modified":"2026-04-09T14:16:00","modified_gmt":"2026-04-09T14:16:00","slug":"jamun-pakistan","status":"publish","type":"product","link":"https:\/\/faisalgypsumwork.com\/ramza\/product\/jamun-pakistan\/","title":{"rendered":"Jamun Pakistan"},"content":{"rendered":"<p>Le jamun (Syzygium cumini Skeels.) est un fruit tropical \u00e0 feuilles persistantes appartenant \u00e0 la famille des Myrtac\u00e9es. Les noms vernaculaires de Jaman incluent Java Plum, Jambolana, Jambu et Black Plum. Il est originaire du Bangladesh, de l&#8217;Inde, du N\u00e9pal, du Pakistan et du Sri Lanka. Il a r\u00e9cemment acquis une importance en tant que culture horticole de zone aride en raison de sa nature robuste et de son potentiel de rendement \u00e9lev\u00e9. Le fruit de Jamun poss\u00e8de une valeur nutritive consid\u00e9rable. C&#8217;est une bonne source de fer, en dehors du contenu habituel comme les min\u00e9raux, le sucre, les prot\u00e9ines, les pigments, etc. Jamun est un fruit miracle, \u00e0 beaucoup de valeur m\u00e9dicinale pour contr\u00f4ler de nombreuses maladies comme le diab\u00e8te, la polyur\u00e9e, la diarrh\u00e9e et les calculs r\u00e9naux, etc. Au Pakistan, on trouve des arbres de Jamun dispers\u00e9s dans les r\u00e9gions tropicales et subtropicales et aucun verger planifi\u00e9 n&#8217;existe encore. En tenant compte de la valeur nutritionnelle et m\u00e9dicinale, Jamun doit \u00eatre explorer de mani\u00e8re approfondie.<\/p>\n<p>&nbsp;<\/p>\n<table style=\"height: 314px;\" border=\"1\" width=\"199\" cellspacing=\"0\" cellpadding=\"0\" align=\"center\">\n<tbody>\n<tr>\n<td>Nutriment<\/td>\n<td>Percentage<\/td>\n<\/tr>\n<tr>\n<td>Moisture<\/td>\n<td>28.2<\/td>\n<\/tr>\n<tr>\n<td>Protein<\/td>\n<td>0.7<\/td>\n<\/tr>\n<tr>\n<td>Fat<\/td>\n<td>0.1<\/td>\n<\/tr>\n<tr>\n<td>Mineral<\/td>\n<td>0.4<\/td>\n<\/tr>\n<tr>\n<td>Fibre<\/td>\n<td>0.9<\/td>\n<\/tr>\n<tr>\n<td>Carbohydrate<\/td>\n<td>19.7<\/td>\n<\/tr>\n<tr>\n<td>Calcium<\/td>\n<td>0.02<\/td>\n<\/tr>\n<tr>\n<td>Phosphorus<\/td>\n<td>0.01<\/td>\n<\/tr>\n<tr>\n<td>Iron<\/td>\n<td>1.0<\/td>\n<\/tr>\n<tr>\n<td>Calorific value<\/td>\n<td>83\/100 g<\/td>\n<\/tr>\n<tr>\n<td><\/td>\n<td><\/td>\n<\/tr>\n<\/tbody>\n<\/table>\n<p>&nbsp;<\/p>\n","protected":false},"excerpt":{"rendered":"<p>Jamun Pakistan<\/p>\n","protected":false},"featured_media":1568,"comment_status":"closed","ping_status":"closed","template":"","meta":[],"product_brand":[],"product_cat":[104],"product_tag":[],"class_list":{"0":"post-1493","1":"product","2":"type-product","3":"status-publish","4":"has-post-thumbnail","6":"product_cat-fresh-fruits-vegetables","8":"first","9":"outofstock","10":"sale","11":"shipping-taxable","12":"purchasable","13":"product-type-simple"},"_links":{"self":[{"href":"https:\/\/faisalgypsumwork.com\/ramza\/wp-json\/wp\/v2\/product\/1493","targetHints":{"allow":["GET"]}}],"collection":[{"href":"https:\/\/faisalgypsumwork.com\/ramza\/wp-json\/wp\/v2\/product"}],"about":[{"href":"https:\/\/faisalgypsumwork.com\/ramza\/wp-json\/wp\/v2\/types\/product"}],"replies":[{"embeddable":true,"href":"https:\/\/faisalgypsumwork.com\/ramza\/wp-json\/wp\/v2\/comments?post=1493"}],"version-history":[{"count":1,"href":"https:\/\/faisalgypsumwork.com\/ramza\/wp-json\/wp\/v2\/product\/1493\/revisions"}],"predecessor-version":[{"id":1569,"href":"https:\/\/faisalgypsumwork.com\/ramza\/wp-json\/wp\/v2\/product\/1493\/revisions\/1569"}],"wp:featuredmedia":[{"embeddable":true,"href":"https:\/\/faisalgypsumwork.com\/ramza\/wp-json\/wp\/v2\/media\/1568"}],"wp:attachment":[{"href":"https:\/\/faisalgypsumwork.com\/ramza\/wp-json\/wp\/v2\/media?parent=1493"}],"wp:term":[{"taxonomy":"product_brand","embeddable":true,"href":"https:\/\/faisalgypsumwork.com\/ramza\/wp-json\/wp\/v2\/product_brand?post=1493"},{"taxonomy":"product_cat","embeddable":true,"href":"https:\/\/faisalgypsumwork.com\/ramza\/wp-json\/wp\/v2\/product_cat?post=1493"},{"taxonomy":"product_tag","embeddable":true,"href":"https:\/\/faisalgypsumwork.com\/ramza\/wp-json\/wp\/v2\/product_tag?post=1493"}],"curies":[{"name":"wp","href":"https:\/\/api.w.org\/{rel}","templated":true}]}}