{"id":2134,"date":"2026-04-09T14:20:00","date_gmt":"2026-04-09T14:20:00","guid":{"rendered":"https:\/\/faisalgypsumwork.com\/ramza\/?post_type=product&#038;p=2134"},"modified":"2026-04-09T14:20:26","modified_gmt":"2026-04-09T14:20:26","slug":"noix-de-coco-rapee-500g","status":"publish","type":"product","link":"https:\/\/faisalgypsumwork.com\/ramza\/product\/noix-de-coco-rapee-500g\/","title":{"rendered":"Noix de Coco R\u00e2p\u00e9e 500g"},"content":{"rendered":"<p>Noix de Coco R\u00e2p\u00e9e 500g<\/p>\n","protected":false},"excerpt":{"rendered":"<p>Noix de Coco R\u00e2p\u00e9e 500g<\/p>\n","protected":false},"featured_media":2203,"comment_status":"closed","ping_status":"closed","template":"","meta":[],"product_brand":[],"product_cat":[124],"product_tag":[],"class_list":{"0":"post-2134","1":"product","2":"type-product","3":"status-publish","4":"has-post-thumbnail","6":"product_cat-dry-fruits","8":"first","9":"instock","10":"shipping-taxable","11":"purchasable","12":"product-type-simple"},"_links":{"self":[{"href":"https:\/\/faisalgypsumwork.com\/ramza\/wp-json\/wp\/v2\/product\/2134","targetHints":{"allow":["GET"]}}],"collection":[{"href":"https:\/\/faisalgypsumwork.com\/ramza\/wp-json\/wp\/v2\/product"}],"about":[{"href":"https:\/\/faisalgypsumwork.com\/ramza\/wp-json\/wp\/v2\/types\/product"}],"replies":[{"embeddable":true,"href":"https:\/\/faisalgypsumwork.com\/ramza\/wp-json\/wp\/v2\/comments?post=2134"}],"version-history":[{"count":1,"href":"https:\/\/faisalgypsumwork.com\/ramza\/wp-json\/wp\/v2\/product\/2134\/revisions"}],"predecessor-version":[{"id":2204,"href":"https:\/\/faisalgypsumwork.com\/ramza\/wp-json\/wp\/v2\/product\/2134\/revisions\/2204"}],"wp:featuredmedia":[{"embeddable":true,"href":"https:\/\/faisalgypsumwork.com\/ramza\/wp-json\/wp\/v2\/media\/2203"}],"wp:attachment":[{"href":"https:\/\/faisalgypsumwork.com\/ramza\/wp-json\/wp\/v2\/media?parent=2134"}],"wp:term":[{"taxonomy":"product_brand","embeddable":true,"href":"https:\/\/faisalgypsumwork.com\/ramza\/wp-json\/wp\/v2\/product_brand?post=2134"},{"taxonomy":"product_cat","embeddable":true,"href":"https:\/\/faisalgypsumwork.com\/ramza\/wp-json\/wp\/v2\/product_cat?post=2134"},{"taxonomy":"product_tag","embeddable":true,"href":"https:\/\/faisalgypsumwork.com\/ramza\/wp-json\/wp\/v2\/product_tag?post=2134"}],"curies":[{"name":"wp","href":"https:\/\/api.w.org\/{rel}","templated":true}]}}