{"id":2449,"date":"2026-04-09T14:21:50","date_gmt":"2026-04-09T14:21:50","guid":{"rendered":"https:\/\/faisalgypsumwork.com\/ramza\/?post_type=product&#038;p=2449"},"modified":"2026-04-09T14:22:24","modified_gmt":"2026-04-09T14:22:24","slug":"anwar-retol-mangue-pakistan","status":"publish","type":"product","link":"https:\/\/faisalgypsumwork.com\/ramza\/product\/anwar-retol-mangue-pakistan\/","title":{"rendered":"Anwar Retol MANGUE Pakistan"},"content":{"rendered":"<p>Anwar Retol Mangue Pakistanaise, ce sont de petites mangues tr\u00e8s juteuses. Au pays, le peuple a l&#8217;habitude de sucer ces mangues tr\u00e8s sucr\u00e9s au lieu de les couper traditionnellement.<\/p>\n","protected":false},"excerpt":{"rendered":"<p>Anwar Retol MANGUE PAKISTANAISE<\/p>\n","protected":false},"featured_media":2523,"comment_status":"closed","ping_status":"closed","template":"","meta":[],"product_brand":[],"product_cat":[104,123],"product_tag":[],"class_list":{"0":"post-2449","1":"product","2":"type-product","3":"status-publish","4":"has-post-thumbnail","6":"product_cat-fresh-fruits-vegetables","7":"product_cat-grocery","9":"first","10":"outofstock","11":"shipping-taxable","12":"purchasable","13":"product-type-simple"},"_links":{"self":[{"href":"https:\/\/faisalgypsumwork.com\/ramza\/wp-json\/wp\/v2\/product\/2449","targetHints":{"allow":["GET"]}}],"collection":[{"href":"https:\/\/faisalgypsumwork.com\/ramza\/wp-json\/wp\/v2\/product"}],"about":[{"href":"https:\/\/faisalgypsumwork.com\/ramza\/wp-json\/wp\/v2\/types\/product"}],"replies":[{"embeddable":true,"href":"https:\/\/faisalgypsumwork.com\/ramza\/wp-json\/wp\/v2\/comments?post=2449"}],"version-history":[{"count":1,"href":"https:\/\/faisalgypsumwork.com\/ramza\/wp-json\/wp\/v2\/product\/2449\/revisions"}],"predecessor-version":[{"id":2524,"href":"https:\/\/faisalgypsumwork.com\/ramza\/wp-json\/wp\/v2\/product\/2449\/revisions\/2524"}],"wp:featuredmedia":[{"embeddable":true,"href":"https:\/\/faisalgypsumwork.com\/ramza\/wp-json\/wp\/v2\/media\/2523"}],"wp:attachment":[{"href":"https:\/\/faisalgypsumwork.com\/ramza\/wp-json\/wp\/v2\/media?parent=2449"}],"wp:term":[{"taxonomy":"product_brand","embeddable":true,"href":"https:\/\/faisalgypsumwork.com\/ramza\/wp-json\/wp\/v2\/product_brand?post=2449"},{"taxonomy":"product_cat","embeddable":true,"href":"https:\/\/faisalgypsumwork.com\/ramza\/wp-json\/wp\/v2\/product_cat?post=2449"},{"taxonomy":"product_tag","embeddable":true,"href":"https:\/\/faisalgypsumwork.com\/ramza\/wp-json\/wp\/v2\/product_tag?post=2449"}],"curies":[{"name":"wp","href":"https:\/\/api.w.org\/{rel}","templated":true}]}}