{"id":2491,"date":"2026-04-09T14:22:12","date_gmt":"2026-04-09T14:22:12","guid":{"rendered":"https:\/\/faisalgypsumwork.com\/ramza\/?post_type=product&#038;p=2491"},"modified":"2026-04-09T14:22:30","modified_gmt":"2026-04-09T14:22:30","slug":"nandos-sauce-peri-peri-garlic","status":"publish","type":"product","link":"https:\/\/faisalgypsumwork.com\/ramza\/product\/nandos-sauce-peri-peri-garlic\/","title":{"rendered":"Nando&#8217;s Sauce Peri Peri Garlic"},"content":{"rendered":"<p>SAUCE P\u00c9RI-P\u00c9RI \u00c0 L&#8217;AIL NANDO&#8217;S 125g<\/p>\n<p>Du piment peri peri, un peu d&#8217;ail le tout cuisin\u00e9 par Nando&#8217;s et vous voil\u00e0 en possession de la sauce piquante pour vos poulets.<\/p>\n<div class=\"nq-c-ProductTabs-menu-description-inner\">\n<p>Nando&#8217;s est une chaine de restaurants sp\u00e9cialis\u00e9e dans le poulet originaire d&#8217;Afrique du Sud. Ils ont mis au point une s\u00e9rie de sauces piquantes pour faire mariner le poulet. Nous vous proposons les sauces distribu\u00e9es dans les restaurants de la cha\u00eene. La sauce garlic peri-peri est une sauce piquante au piment peri peri relev\u00e9e \u00e0 l&#8217;ail. Vous pouvez l&#8217;utiliser pour vos marinades de poulet ou comme accompagnement.<\/p>\n<\/div>\n<div class=\"nq-c-ProductTabs-menu-subitem nq-c-Product-ingredients\"><strong>Ingr\u00e9dients :<\/strong>Eau, vinaigre, oignon, sel, citron, ail,\u00a0<strong>huile v\u00e9g\u00e9tale<\/strong>, piment serrano, \u00e9pices (dont du piment peri peri) xanthane, propylene glycol alginate, calcium disodium. Contient des OGM<\/p>\n<\/div>\n","protected":false},"excerpt":{"rendered":"<p>Du piment peri peri, un peu d&#8217;ail le tout cuisin\u00e9 par Nando&#8217;s et vous voil\u00e0 en possession de la sauce piquante pour vos poulets.<\/p>\n","protected":false},"featured_media":2539,"comment_status":"closed","ping_status":"closed","template":"","meta":[],"product_brand":[],"product_cat":[157],"product_tag":[],"class_list":{"0":"post-2491","1":"product","2":"type-product","3":"status-publish","4":"has-post-thumbnail","6":"product_cat-nandos","8":"first","9":"instock","10":"sale","11":"shipping-taxable","12":"purchasable","13":"product-type-simple"},"_links":{"self":[{"href":"https:\/\/faisalgypsumwork.com\/ramza\/wp-json\/wp\/v2\/product\/2491","targetHints":{"allow":["GET"]}}],"collection":[{"href":"https:\/\/faisalgypsumwork.com\/ramza\/wp-json\/wp\/v2\/product"}],"about":[{"href":"https:\/\/faisalgypsumwork.com\/ramza\/wp-json\/wp\/v2\/types\/product"}],"replies":[{"embeddable":true,"href":"https:\/\/faisalgypsumwork.com\/ramza\/wp-json\/wp\/v2\/comments?post=2491"}],"version-history":[{"count":1,"href":"https:\/\/faisalgypsumwork.com\/ramza\/wp-json\/wp\/v2\/product\/2491\/revisions"}],"predecessor-version":[{"id":2540,"href":"https:\/\/faisalgypsumwork.com\/ramza\/wp-json\/wp\/v2\/product\/2491\/revisions\/2540"}],"wp:featuredmedia":[{"embeddable":true,"href":"https:\/\/faisalgypsumwork.com\/ramza\/wp-json\/wp\/v2\/media\/2539"}],"wp:attachment":[{"href":"https:\/\/faisalgypsumwork.com\/ramza\/wp-json\/wp\/v2\/media?parent=2491"}],"wp:term":[{"taxonomy":"product_brand","embeddable":true,"href":"https:\/\/faisalgypsumwork.com\/ramza\/wp-json\/wp\/v2\/product_brand?post=2491"},{"taxonomy":"product_cat","embeddable":true,"href":"https:\/\/faisalgypsumwork.com\/ramza\/wp-json\/wp\/v2\/product_cat?post=2491"},{"taxonomy":"product_tag","embeddable":true,"href":"https:\/\/faisalgypsumwork.com\/ramza\/wp-json\/wp\/v2\/product_tag?post=2491"}],"curies":[{"name":"wp","href":"https:\/\/api.w.org\/{rel}","templated":true}]}}