{"id":2494,"date":"2026-04-09T14:22:12","date_gmt":"2026-04-09T14:22:12","guid":{"rendered":"https:\/\/faisalgypsumwork.com\/ramza\/?post_type=product&#038;p=2494"},"modified":"2026-04-09T14:22:33","modified_gmt":"2026-04-09T14:22:33","slug":"nandos-sauce-peri-peri-extra-hot","status":"publish","type":"product","link":"https:\/\/faisalgypsumwork.com\/ramza\/product\/nandos-sauce-peri-peri-extra-hot\/","title":{"rendered":"Nando&#8217;s Sauce Peri Peri Extra Hot"},"content":{"rendered":"<div class=\"nq-u-inline-middle\">\n<div class=\"nq-c-ProductTabs-menu-subitem nq-c-Product-ingredients\">\n<p>SAUCE EXTRA EXTRA PIQUANTE NANDO&#8217;S 125g<\/p>\n<p>Cette sauce au piment peri peri (piment oiseau), vous fera voyager jusqu&#8217;en Afrique du Sud. Elle accompagne \u00e0 merveille le poulet.<\/p>\n<div class=\"nq-c-ProductTabs-menu-description-inner\">\n<div class=\"nq-c-ProductTabs-menu-description-inner\">\n<p>La sauce extra extra hot est la plus forte de la gamme Nando&#8217;s qui nous vient tout droit d&#8217;Afrique du Sud. C&#8217;est une sauce au piment peri peri africain et aux notes fraiches de citron. Sa force est renforc\u00e9e par le piment Serrano !<\/p>\n<\/div>\n<div class=\"nq-c-ProductTabs-menu-subitem nq-c-Product-ingredients\"><strong>Ingr\u00e9dients :<\/strong>Eau, vinaigre, citron, sel, oignon, \u00e9pices (dont piment d\u2019oiseau), huile de graines de tournesol, piment serrano, ail, stabilisants (gomme de xanthane, popyl\u00e8ne glycol alginate), \u00e9paississant (amidon de ma\u00efs modifi\u00e9), antioxydant (calcium disodium EDTA).\u00a0Contient des OGM<\/p>\n<\/div>\n<\/div>\n<\/div>\n<\/div>\n","protected":false},"excerpt":{"rendered":"<p>Du piment peri peri, un peu d&#8217;ail le tout cuisin\u00e9 par Nando&#8217;s et vous voil\u00e0 en possession de la sauce piquante pour vos poulets.<\/p>\n","protected":false},"featured_media":2545,"comment_status":"closed","ping_status":"closed","template":"","meta":[],"product_brand":[],"product_cat":[157],"product_tag":[],"class_list":{"0":"post-2494","1":"product","2":"type-product","3":"status-publish","4":"has-post-thumbnail","6":"product_cat-nandos","8":"first","9":"instock","10":"sale","11":"shipping-taxable","12":"purchasable","13":"product-type-simple"},"_links":{"self":[{"href":"https:\/\/faisalgypsumwork.com\/ramza\/wp-json\/wp\/v2\/product\/2494","targetHints":{"allow":["GET"]}}],"collection":[{"href":"https:\/\/faisalgypsumwork.com\/ramza\/wp-json\/wp\/v2\/product"}],"about":[{"href":"https:\/\/faisalgypsumwork.com\/ramza\/wp-json\/wp\/v2\/types\/product"}],"replies":[{"embeddable":true,"href":"https:\/\/faisalgypsumwork.com\/ramza\/wp-json\/wp\/v2\/comments?post=2494"}],"version-history":[{"count":1,"href":"https:\/\/faisalgypsumwork.com\/ramza\/wp-json\/wp\/v2\/product\/2494\/revisions"}],"predecessor-version":[{"id":2546,"href":"https:\/\/faisalgypsumwork.com\/ramza\/wp-json\/wp\/v2\/product\/2494\/revisions\/2546"}],"wp:featuredmedia":[{"embeddable":true,"href":"https:\/\/faisalgypsumwork.com\/ramza\/wp-json\/wp\/v2\/media\/2545"}],"wp:attachment":[{"href":"https:\/\/faisalgypsumwork.com\/ramza\/wp-json\/wp\/v2\/media?parent=2494"}],"wp:term":[{"taxonomy":"product_brand","embeddable":true,"href":"https:\/\/faisalgypsumwork.com\/ramza\/wp-json\/wp\/v2\/product_brand?post=2494"},{"taxonomy":"product_cat","embeddable":true,"href":"https:\/\/faisalgypsumwork.com\/ramza\/wp-json\/wp\/v2\/product_cat?post=2494"},{"taxonomy":"product_tag","embeddable":true,"href":"https:\/\/faisalgypsumwork.com\/ramza\/wp-json\/wp\/v2\/product_tag?post=2494"}],"curies":[{"name":"wp","href":"https:\/\/api.w.org\/{rel}","templated":true}]}}