{"id":2495,"date":"2026-04-09T14:22:12","date_gmt":"2026-04-09T14:22:12","guid":{"rendered":"https:\/\/faisalgypsumwork.com\/ramza\/?post_type=product&#038;p=2495"},"modified":"2026-04-09T14:22:36","modified_gmt":"2026-04-09T14:22:36","slug":"nandos-sauce-peri-peri-medium-2","status":"publish","type":"product","link":"https:\/\/faisalgypsumwork.com\/ramza\/product\/nandos-sauce-peri-peri-medium-2\/","title":{"rendered":"Nando&#8217;s Sauce Peri Peri Medium"},"content":{"rendered":"<p>SAUCE P\u00c9RI P\u00c9RI MOYENNE DE NANDO 260g<\/p>\n<div class=\"nq-u-inline-middle\">\n<div class=\"nq-c-ProductTabs-menu-description-inner\">\n<p>Cette sauce d&#8217;afrique du sud \u00e0 base de citron, de piment peri peri donne un go\u00fbt d\u00e9licieux \u00e0 notre poulet et nos crevettes, mais on peut aussi l&#8217;utiliser avec des l\u00e9gumes ou du poisson. Elle est juste assez piquante pour donner un coup de fouet en fin de bouche !<\/p>\n<\/div>\n<div class=\"nq-c-ProductTabs-menu-subitem nq-c-Product-ingredients\">\n<p><strong>Ingr\u00e9dients :<\/strong>Eau, vinaigre blanc, oignon, sel, citron, huile v\u00e9g\u00e9tale (graines de tournesol), piment serrano, \u00e9pices (dont piment peri peri), ail, stabilisateurs (gomme de xanthane,\u00a0<strong>alginate de propyl\u00e8ne glycol<\/strong>), antioxidant.<\/p>\n<p>Contient des OGM<\/p>\n<\/div>\n<\/div>\n","protected":false},"excerpt":{"rendered":"<p>Du piment peri peri, un peu d&#8217;ail le tout cuisin\u00e9 par Nando&#8217;s et vous voil\u00e0 en possession de la sauce piquante pour vos poulets.<\/p>\n","protected":false},"featured_media":2565,"comment_status":"closed","ping_status":"closed","template":"","meta":[],"product_brand":[],"product_cat":[157],"product_tag":[],"class_list":{"0":"post-2495","1":"product","2":"type-product","3":"status-publish","4":"has-post-thumbnail","6":"product_cat-nandos","8":"first","9":"instock","10":"sale","11":"shipping-taxable","12":"purchasable","13":"product-type-simple"},"_links":{"self":[{"href":"https:\/\/faisalgypsumwork.com\/ramza\/wp-json\/wp\/v2\/product\/2495","targetHints":{"allow":["GET"]}}],"collection":[{"href":"https:\/\/faisalgypsumwork.com\/ramza\/wp-json\/wp\/v2\/product"}],"about":[{"href":"https:\/\/faisalgypsumwork.com\/ramza\/wp-json\/wp\/v2\/types\/product"}],"replies":[{"embeddable":true,"href":"https:\/\/faisalgypsumwork.com\/ramza\/wp-json\/wp\/v2\/comments?post=2495"}],"version-history":[{"count":1,"href":"https:\/\/faisalgypsumwork.com\/ramza\/wp-json\/wp\/v2\/product\/2495\/revisions"}],"predecessor-version":[{"id":2566,"href":"https:\/\/faisalgypsumwork.com\/ramza\/wp-json\/wp\/v2\/product\/2495\/revisions\/2566"}],"wp:featuredmedia":[{"embeddable":true,"href":"https:\/\/faisalgypsumwork.com\/ramza\/wp-json\/wp\/v2\/media\/2565"}],"wp:attachment":[{"href":"https:\/\/faisalgypsumwork.com\/ramza\/wp-json\/wp\/v2\/media?parent=2495"}],"wp:term":[{"taxonomy":"product_brand","embeddable":true,"href":"https:\/\/faisalgypsumwork.com\/ramza\/wp-json\/wp\/v2\/product_brand?post=2495"},{"taxonomy":"product_cat","embeddable":true,"href":"https:\/\/faisalgypsumwork.com\/ramza\/wp-json\/wp\/v2\/product_cat?post=2495"},{"taxonomy":"product_tag","embeddable":true,"href":"https:\/\/faisalgypsumwork.com\/ramza\/wp-json\/wp\/v2\/product_tag?post=2495"}],"curies":[{"name":"wp","href":"https:\/\/api.w.org\/{rel}","templated":true}]}}