{"id":2499,"date":"2026-04-09T14:22:12","date_gmt":"2026-04-09T14:22:12","guid":{"rendered":"https:\/\/faisalgypsumwork.com\/ramza\/?post_type=product&#038;p=2499"},"modified":"2026-04-09T14:22:41","modified_gmt":"2026-04-09T14:22:41","slug":"trs-urid-dal","status":"publish","type":"product","link":"https:\/\/faisalgypsumwork.com\/ramza\/product\/trs-urid-dal\/","title":{"rendered":"TRS Urid Dal"},"content":{"rendered":"<p>TRS Urid Dal 1 Kg.<\/p>\n<p><strong>Urid da<\/strong>l ou\u00a0<strong>Urad dal<\/strong>, une sorte de\u00a0<strong>lentilles indiennes<\/strong>\u00a0cass\u00e9es et aplaties, blanches et tr\u00e8s petites. Tr\u00e8s utilis\u00e9es en\u00a0<strong>Inde<\/strong>, elles sont la base des\u00a0<strong>plats<\/strong>\u00a0comme le Idli ou les Dosas ou bien elles sont utilis\u00e9es simplement comme des\u00a0<strong>lentilles<\/strong>.<\/p>\n","protected":false},"excerpt":{"rendered":"<p>TRS Urid Dal 1 Kg<\/p>\n","protected":false},"featured_media":2573,"comment_status":"closed","ping_status":"closed","template":"","meta":[],"product_brand":[],"product_cat":[133],"product_tag":[],"class_list":{"0":"post-2499","1":"product","2":"type-product","3":"status-publish","4":"has-post-thumbnail","6":"product_cat-daal-lentilles","8":"first","9":"instock","10":"shipping-taxable","11":"purchasable","12":"product-type-simple"},"_links":{"self":[{"href":"https:\/\/faisalgypsumwork.com\/ramza\/wp-json\/wp\/v2\/product\/2499","targetHints":{"allow":["GET"]}}],"collection":[{"href":"https:\/\/faisalgypsumwork.com\/ramza\/wp-json\/wp\/v2\/product"}],"about":[{"href":"https:\/\/faisalgypsumwork.com\/ramza\/wp-json\/wp\/v2\/types\/product"}],"replies":[{"embeddable":true,"href":"https:\/\/faisalgypsumwork.com\/ramza\/wp-json\/wp\/v2\/comments?post=2499"}],"version-history":[{"count":1,"href":"https:\/\/faisalgypsumwork.com\/ramza\/wp-json\/wp\/v2\/product\/2499\/revisions"}],"predecessor-version":[{"id":2574,"href":"https:\/\/faisalgypsumwork.com\/ramza\/wp-json\/wp\/v2\/product\/2499\/revisions\/2574"}],"wp:featuredmedia":[{"embeddable":true,"href":"https:\/\/faisalgypsumwork.com\/ramza\/wp-json\/wp\/v2\/media\/2573"}],"wp:attachment":[{"href":"https:\/\/faisalgypsumwork.com\/ramza\/wp-json\/wp\/v2\/media?parent=2499"}],"wp:term":[{"taxonomy":"product_brand","embeddable":true,"href":"https:\/\/faisalgypsumwork.com\/ramza\/wp-json\/wp\/v2\/product_brand?post=2499"},{"taxonomy":"product_cat","embeddable":true,"href":"https:\/\/faisalgypsumwork.com\/ramza\/wp-json\/wp\/v2\/product_cat?post=2499"},{"taxonomy":"product_tag","embeddable":true,"href":"https:\/\/faisalgypsumwork.com\/ramza\/wp-json\/wp\/v2\/product_tag?post=2499"}],"curies":[{"name":"wp","href":"https:\/\/api.w.org\/{rel}","templated":true}]}}