{"id":2547,"date":"2026-04-09T14:22:34","date_gmt":"2026-04-09T14:22:34","guid":{"rendered":"https:\/\/faisalgypsumwork.com\/ramza\/?post_type=product&#038;p=2547"},"modified":"2026-04-09T14:22:49","modified_gmt":"2026-04-09T14:22:49","slug":"indomie-chicken-noodles-halal","status":"publish","type":"product","link":"https:\/\/faisalgypsumwork.com\/ramza\/product\/indomie-chicken-noodles-halal\/","title":{"rendered":"INDOMIE Chicken noodles Halal"},"content":{"rendered":"<p>INDOMIE Chicken noodles Halal 70g<\/p>\n","protected":false},"excerpt":{"rendered":"<p>Partout dans le monde, on d\u00e9guste des nouilles instantan\u00e9es. INDOMIE, la plus grande marque de nouilles instantan\u00e9es, vous propose des nouilles saveur poulet au go\u00fbt bien prononc\u00e9.<\/p>\n","protected":false},"featured_media":2590,"comment_status":"closed","ping_status":"closed","template":"","meta":[],"product_brand":[],"product_cat":[123],"product_tag":[],"class_list":{"0":"post-2547","1":"product","2":"type-product","3":"status-publish","4":"has-post-thumbnail","6":"product_cat-grocery","8":"first","9":"outofstock","10":"sale","11":"shipping-taxable","12":"purchasable","13":"product-type-simple"},"_links":{"self":[{"href":"https:\/\/faisalgypsumwork.com\/ramza\/wp-json\/wp\/v2\/product\/2547","targetHints":{"allow":["GET"]}}],"collection":[{"href":"https:\/\/faisalgypsumwork.com\/ramza\/wp-json\/wp\/v2\/product"}],"about":[{"href":"https:\/\/faisalgypsumwork.com\/ramza\/wp-json\/wp\/v2\/types\/product"}],"replies":[{"embeddable":true,"href":"https:\/\/faisalgypsumwork.com\/ramza\/wp-json\/wp\/v2\/comments?post=2547"}],"version-history":[{"count":1,"href":"https:\/\/faisalgypsumwork.com\/ramza\/wp-json\/wp\/v2\/product\/2547\/revisions"}],"predecessor-version":[{"id":2591,"href":"https:\/\/faisalgypsumwork.com\/ramza\/wp-json\/wp\/v2\/product\/2547\/revisions\/2591"}],"wp:featuredmedia":[{"embeddable":true,"href":"https:\/\/faisalgypsumwork.com\/ramza\/wp-json\/wp\/v2\/media\/2590"}],"wp:attachment":[{"href":"https:\/\/faisalgypsumwork.com\/ramza\/wp-json\/wp\/v2\/media?parent=2547"}],"wp:term":[{"taxonomy":"product_brand","embeddable":true,"href":"https:\/\/faisalgypsumwork.com\/ramza\/wp-json\/wp\/v2\/product_brand?post=2547"},{"taxonomy":"product_cat","embeddable":true,"href":"https:\/\/faisalgypsumwork.com\/ramza\/wp-json\/wp\/v2\/product_cat?post=2547"},{"taxonomy":"product_tag","embeddable":true,"href":"https:\/\/faisalgypsumwork.com\/ramza\/wp-json\/wp\/v2\/product_tag?post=2547"}],"curies":[{"name":"wp","href":"https:\/\/api.w.org\/{rel}","templated":true}]}}