{"id":2956,"date":"2026-04-09T14:25:29","date_gmt":"2026-04-09T14:25:29","guid":{"rendered":"https:\/\/faisalgypsumwork.com\/ramza\/?post_type=product&#038;p=2956"},"modified":"2026-04-09T14:25:47","modified_gmt":"2026-04-09T14:25:47","slug":"arvi","status":"publish","type":"product","link":"https:\/\/faisalgypsumwork.com\/ramza\/product\/arvi\/","title":{"rendered":"Arvi"},"content":{"rendered":"<h4><span style=\"color: #000000;\">Colocasia esculenta est une plante tropicale cultiv\u00e9e principalement pour ses cormorans comestibles, un l\u00e9gume racine le plus commun\u00e9ment appel\u00e9 taro kalo dasheen ou godere. c&#8217;est l&#8217;esp\u00e8ce la plus largement cultiv\u00e9e de plusieurs plantes de la famille des araceae qui sont utilis\u00e9es comme l\u00e9gumes pour leurs feuilles de cormes et leurs p\u00e9tioles.<\/span><\/h4>\n","protected":false},"excerpt":{"rendered":"<p>Le &#8220;tinda&#8221; originaire du Pakistan est une plante de la famille des <i><a title=\"Cucurbitaceae\" href=\"https:\/\/fr.wikipedia.org\/wiki\/Cucurbitaceae\">Cucurbitaceae<\/a><\/i>, unique esp\u00e8ce du genre\u00a0<i><a class=\"new\" title=\"Praecitrullus (page inexistante)\" href=\"https:\/\/fr.wikipedia.org\/w\/index.php?title=Praecitrullus&amp;action=edit&amp;redlink=1\">Praecitrullus<\/a>\u00a0<a class=\"extiw\" title=\"pt:Praecitrullus\" href=\"https:\/\/pt.wikipedia.org\/wiki\/Praecitrullus\"><span class=\"indicateur-langue\" title=\"Article en portugais\u00a0: \u00ab\u00a0Praecitrullus\u00a0\u00bb\">(pt)<\/span><\/a><\/i>. Elle est cultiv\u00e9e pour ses\u00a0<a title=\"Fruit (botanique)\" href=\"https:\/\/fr.wikipedia.org\/wiki\/Fruit_(botanique)\">fruits<\/a>\u00a0cueillis avant maturit\u00e9 et consomm\u00e9s comme\u00a0<a title=\"L\u00e9gume\" href=\"https:\/\/fr.wikipedia.org\/wiki\/L%C3%A9gume\">l\u00e9gume<\/a>, particuli\u00e8rement dans les pays du\u00a0<a title=\"Sous-continent indien\" href=\"https:\/\/fr.wikipedia.org\/wiki\/Sous-continent_indien\">sous-continent indien<\/a>.<\/p>\n","protected":false},"featured_media":2985,"comment_status":"closed","ping_status":"closed","template":"","meta":[],"product_brand":[],"product_cat":[104],"product_tag":[],"class_list":{"0":"post-2956","1":"product","2":"type-product","3":"status-publish","4":"has-post-thumbnail","6":"product_cat-fresh-fruits-vegetables","8":"first","9":"instock","10":"shipping-taxable","11":"purchasable","12":"product-type-variable","13":"has-default-attributes"},"_links":{"self":[{"href":"https:\/\/faisalgypsumwork.com\/ramza\/wp-json\/wp\/v2\/product\/2956","targetHints":{"allow":["GET"]}}],"collection":[{"href":"https:\/\/faisalgypsumwork.com\/ramza\/wp-json\/wp\/v2\/product"}],"about":[{"href":"https:\/\/faisalgypsumwork.com\/ramza\/wp-json\/wp\/v2\/types\/product"}],"replies":[{"embeddable":true,"href":"https:\/\/faisalgypsumwork.com\/ramza\/wp-json\/wp\/v2\/comments?post=2956"}],"version-history":[{"count":1,"href":"https:\/\/faisalgypsumwork.com\/ramza\/wp-json\/wp\/v2\/product\/2956\/revisions"}],"predecessor-version":[{"id":2986,"href":"https:\/\/faisalgypsumwork.com\/ramza\/wp-json\/wp\/v2\/product\/2956\/revisions\/2986"}],"wp:featuredmedia":[{"embeddable":true,"href":"https:\/\/faisalgypsumwork.com\/ramza\/wp-json\/wp\/v2\/media\/2985"}],"wp:attachment":[{"href":"https:\/\/faisalgypsumwork.com\/ramza\/wp-json\/wp\/v2\/media?parent=2956"}],"wp:term":[{"taxonomy":"product_brand","embeddable":true,"href":"https:\/\/faisalgypsumwork.com\/ramza\/wp-json\/wp\/v2\/product_brand?post=2956"},{"taxonomy":"product_cat","embeddable":true,"href":"https:\/\/faisalgypsumwork.com\/ramza\/wp-json\/wp\/v2\/product_cat?post=2956"},{"taxonomy":"product_tag","embeddable":true,"href":"https:\/\/faisalgypsumwork.com\/ramza\/wp-json\/wp\/v2\/product_tag?post=2956"}],"curies":[{"name":"wp","href":"https:\/\/api.w.org\/{rel}","templated":true}]}}