{"id":2959,"date":"2026-04-09T14:25:29","date_gmt":"2026-04-09T14:25:29","guid":{"rendered":"https:\/\/faisalgypsumwork.com\/ramza\/?post_type=product&#038;p=2959"},"modified":"2026-04-09T14:25:47","modified_gmt":"2026-04-09T14:25:47","slug":"trs-red-split-lentils-masoor-dal","status":"publish","type":"product","link":"https:\/\/faisalgypsumwork.com\/ramza\/product\/trs-red-split-lentils-masoor-dal\/","title":{"rendered":"TRS Red Split Lentils (Masoor Dal)"},"content":{"rendered":"<p>Les lentilles rouges (Masoor Dal) sont savoureuses et tr\u00e8s saines car elles sont riches en fibres et en prot\u00e9ines importantes.\u00a0Masoor Dal a une riche couleur rouge corail et est tr\u00e8s bon dans les plats v\u00e9g\u00e9tariens et dans toutes sortes de rago\u00fbts.\u00a0Les lentilles Masoor sont une bonne alternative aux pommes de terre, au riz ou au pain, sont tr\u00e8s digestes et rassasi\u00e9es longtemps gr\u00e2ce \u00e0 leur richesse en fibres.<\/p>\n<p class=\"card-text\"><strong>Ingredients: 100% red lentils<\/strong><\/p>\n<p class=\"card-text\"><strong>Nutritional values per 100g<\/strong><\/p>\n<ul>\n<li>Energy: 1331kJ\/318kcal<\/li>\n<li>Fat: 1,3g<br \/>\nof which saturated fatty acids: 0g<\/li>\n<li>Carbohydrates: 56,3g<br \/>\nthereof sugar: 0g<\/li>\n<li>Dietary fibre: 5g<\/li>\n<li>Protein: 23,8g<\/li>\n<li>Salt: 0g<\/li>\n<\/ul>\n","protected":false},"excerpt":{"rendered":"<p>TRS Red Split Lentils (Masoor Dal)<\/p>\n","protected":false},"featured_media":2987,"comment_status":"closed","ping_status":"closed","template":"","meta":[],"product_brand":[],"product_cat":[133],"product_tag":[],"class_list":{"0":"post-2959","1":"product","2":"type-product","3":"status-publish","4":"has-post-thumbnail","6":"product_cat-daal-lentilles","8":"first","9":"instock","10":"shipping-taxable","11":"purchasable","12":"product-type-variable"},"_links":{"self":[{"href":"https:\/\/faisalgypsumwork.com\/ramza\/wp-json\/wp\/v2\/product\/2959","targetHints":{"allow":["GET"]}}],"collection":[{"href":"https:\/\/faisalgypsumwork.com\/ramza\/wp-json\/wp\/v2\/product"}],"about":[{"href":"https:\/\/faisalgypsumwork.com\/ramza\/wp-json\/wp\/v2\/types\/product"}],"replies":[{"embeddable":true,"href":"https:\/\/faisalgypsumwork.com\/ramza\/wp-json\/wp\/v2\/comments?post=2959"}],"version-history":[{"count":1,"href":"https:\/\/faisalgypsumwork.com\/ramza\/wp-json\/wp\/v2\/product\/2959\/revisions"}],"predecessor-version":[{"id":2988,"href":"https:\/\/faisalgypsumwork.com\/ramza\/wp-json\/wp\/v2\/product\/2959\/revisions\/2988"}],"wp:featuredmedia":[{"embeddable":true,"href":"https:\/\/faisalgypsumwork.com\/ramza\/wp-json\/wp\/v2\/media\/2987"}],"wp:attachment":[{"href":"https:\/\/faisalgypsumwork.com\/ramza\/wp-json\/wp\/v2\/media?parent=2959"}],"wp:term":[{"taxonomy":"product_brand","embeddable":true,"href":"https:\/\/faisalgypsumwork.com\/ramza\/wp-json\/wp\/v2\/product_brand?post=2959"},{"taxonomy":"product_cat","embeddable":true,"href":"https:\/\/faisalgypsumwork.com\/ramza\/wp-json\/wp\/v2\/product_cat?post=2959"},{"taxonomy":"product_tag","embeddable":true,"href":"https:\/\/faisalgypsumwork.com\/ramza\/wp-json\/wp\/v2\/product_tag?post=2959"}],"curies":[{"name":"wp","href":"https:\/\/api.w.org\/{rel}","templated":true}]}}